{"id":19,"date":"2013-03-07T19:53:44","date_gmt":"2013-03-07T19:53:44","guid":{"rendered":"http:\/\/www.ldsit.net\/french\/?page_id=19"},"modified":"2023-01-28T11:33:39","modified_gmt":"2023-01-28T10:33:39","slug":"find-us","status":"publish","type":"page","link":"https:\/\/lepontasion.org\/?page_id=19","title":{"rendered":"How to find Us \/ Nous Trouver"},"content":{"rendered":"<p style=\"text-align: center;\">&#8220;<strong>LE PONT A SION<\/strong>&#8221; <span style=\"color: #000000;\">meeting room<\/span> :<span style=\"color: #0000ff;\"><em> Notre Salle de R\u00e9union est \u00e0 :<\/em><\/span><br \/>\n<strong>La Par\u00e9e Verte<\/strong><strong>, <\/strong><strong>Salle n\u00b03<br \/>\n<\/strong><strong>53-59 Chemin des Garennes,<br \/>\n85270\u00a0 Saint Hilaire de Riez.<\/strong><\/p>\n<p style=\"text-align: center;\"><span style=\"color: #0000ff;\"><em>Ouvert<\/em><\/span>\/<span style=\"color: #000000;\">Open:\u00a0<\/span>\u00a0 <span style=\"color: #0000ff;\"><em>Jeudi<\/em><\/span>\/<span style=\"color: #000000;\">Thursday <strong>18h00-20h00<\/strong> &#8211;<\/span> <span style=\"color: #0000ff;\"><em>Vendredi<\/em><\/span>\/<span style=\"color: #000000;\">Friday <strong>10h00-12h00<strong><br \/>\n<\/strong><\/strong><\/span><\/p>\n<p style=\"text-align: center;\">.<span style=\"color: #000000;\">&#8230;&#8230;but see Future Events\/Agenda for\u00a0 other\u00a0happenings &#8211; there&#8217;s usually a picnic during the summer break!\u00a0.<\/span><\/p>\n<p><span style=\"color: #0000ff;\"><em>&#8230;&#8230; mais cliquez sur la rubrique &#8220;agenda&#8221; pour voir tous nos \u00e9v\u00e9nements futurs<\/em><\/span><\/p>\n<p>La <strong>Par\u00e9e Verte<\/strong> may be found at:<\/p>\n<p><strong>N 46\u00b0 43&#8242; 15.8736\u00a0\u00a0\u00a0<strong>\u00a0\u00a0\u00a0 W. 1\u00b0 58&#8242;\u00a0 0.7536\u00a0 (centre of the map)<br \/>\n<\/strong><\/strong><\/p>\n<p><a href=\"http:\/\/lepontasion.org\/wp-content\/uploads\/2015\/06\/Paree-verte-map.jpg\"><img loading=\"lazy\" decoding=\"async\" class=\"alignnone size-full wp-image-1848\" src=\"http:\/\/lepontasion.org\/wp-content\/uploads\/2015\/06\/Paree-verte-map.jpg\" alt=\"Paree verte map\" width=\"2628\" height=\"2209\" srcset=\"https:\/\/lepontasion.org\/wp-content\/uploads\/2015\/06\/Paree-verte-map.jpg 2628w, https:\/\/lepontasion.org\/wp-content\/uploads\/2015\/06\/Paree-verte-map-300x252.jpg 300w, https:\/\/lepontasion.org\/wp-content\/uploads\/2015\/06\/Paree-verte-map-1024x861.jpg 1024w, https:\/\/lepontasion.org\/wp-content\/uploads\/2015\/06\/Paree-verte-map-624x525.jpg 624w\" sizes=\"auto, (max-width: 2628px) 100vw, 2628px\" \/><\/a><\/p>\n<p>Some events however, especially those involving catering are held in the <span style=\"color: #0000ff;\"><span style=\"color: #ff0000;\"><strong>Salle La Baritaudiere<\/strong><\/span>\u00a0<\/span> in St Hilaire de Riez.\u00a0 <span style=\"color: #0000ff;\"><em>Les d\u00eeners ont lieu\u00a0 cerains jeudis soir \u00e0 la Salle de la Baritaudi\u00e8re \u00e0 St Hilaire de Riez.<\/em><\/span> GPS Coordinates:<\/p>\n<p><strong>N.\u00a0 46\u00b0\u00a0 43&#8242; 18.1776&#8243;\u00a0\u00a0\u00a0\u00a0\u00a0\u00a0\u00a0 W.\u00a0\u00a0 1\u00b0\u00a0 56&#8242; 50.3088&#8243;<\/strong><\/p>\n<p><span style=\"color: #000000;\">When signing up for an event, please always check that you are sure of the venue. <span style=\"color: #0000ff;\"><em>Quand vous vous inscrivez pour une manifestation, v\u00e9rifiez bien le lieu!&#8230;<\/em><\/span><br \/>\n<\/span><\/p>\n<p><a href=\"http:\/\/lepontasion.org\/wp-content\/uploads\/2014\/04\/map-of-st-hilaire.jpg\"><img loading=\"lazy\" decoding=\"async\" class=\"alignnone wp-image-858\" style=\"width: 441px;\" src=\"http:\/\/lepontasion.org\/wp-content\/uploads\/2014\/04\/map-of-st-hilaire.jpg\" alt=\"map of st hilaire\" width=\"2080\" height=\"562\" \/><\/a><\/p>\n<p>Other events may be held at the following venues.<\/p>\n<p><span style=\"color: #ff0000;\"><strong>Bourrine\u00a0\u00e0 Loulou<\/strong>\u00a0<\/span>(29 chemin de la Par\u00e9e Pr\u00e9neau, St Hilaire de Riez)may be found at GPS:<\/p>\n<p>N \u00a046\u00b0 \u00a044&#8242;\u00a0 13.4304&#8243;\u00a0\u00a0\u00a0\u00a0\u00a0\u00a0\u00a0 W. \u00a0\u00a0\u00a0 1\u00b0\u00a0 59&#8242;\u00a0\u00a0 6.7704&#8243;<\/p>\n<p>&nbsp;<\/p>\n<p><span style=\"color: #ff0000;\"><strong>Picnic Spot at La Baudriere, Lac du Jaunay<\/strong> <\/span>may be found\u00a0 at:<\/p>\n<p>N. 46\u00b0 39&#8242; 44.1576&#8243;\u00a0\u00a0\u00a0\u00a0\u00a0\u00a0\u00a0 W. 1\u00b0 44&#8242; 58.362&#8243;<\/p>\n<p><strong><em>When signing up for an event, please be sure of the venue!!<\/em><\/strong><\/p>\n<div id=\"ffenetremailtomailModal\" style=\"z-index: 20002;\">\n<div id=\"ffenetremailtopopupModalMail\">\n<div id=\"ffenetremailtotoModalClose\"><\/div>\n<div id=\"ffenetremailtopopupQuestion\">What do you want to do ?<\/div>\n<p><a id=\"ffenetremailtoemailOpen\"><\/a>New mail<button id=\"ffenetremailtobuttonEmail\">Copy<\/button><textarea id=\"ffenetremailtotextArea\"><\/textarea><\/p>\n<\/div>\n<\/div>\n<div><img \/><\/div>\n<div id=\"ffenetremailtomailModal\" style=\"z-index: 20002;\">\n<div id=\"ffenetremailtopopupModalMail\">\n<div id=\"ffenetremailtotoModalClose\"><\/div>\n<div id=\"ffenetremailtopopupQuestion\">What do you want to do ?<\/div>\n<p><a id=\"ffenetremailtoemailOpen\"><\/a>New mail<button id=\"ffenetremailtobuttonEmail\">Copy<\/button><textarea id=\"ffenetremailtotextArea\"><\/textarea><\/p>\n<\/div>\n<\/div>\n<div><img \/><\/div>\n","protected":false},"excerpt":{"rendered":"<p>&#8220;LE PONT A SION&#8221; meeting room : Notre Salle de R\u00e9union est \u00e0 : La Par\u00e9e Verte, Salle n\u00b03 53-59 Chemin des Garennes, 85270\u00a0 Saint Hilaire de Riez. Ouvert\/Open:\u00a0\u00a0 Jeudi\/Thursday 18h00-20h00 &#8211; Vendredi\/Friday 10h00-12h00 .&#8230;&#8230;but see Future Events\/Agenda for\u00a0 other\u00a0happenings &#8211; there&#8217;s usually a picnic during the summer break!\u00a0. &#8230;&#8230; mais cliquez sur la rubrique [&hellip;]<\/p>\n","protected":false},"author":1,"featured_media":0,"parent":0,"menu_order":0,"comment_status":"closed","ping_status":"closed","template":"","meta":{"footnotes":""},"class_list":["post-19","page","type-page","status-publish","hentry"],"_links":{"self":[{"href":"https:\/\/lepontasion.org\/index.php?rest_route=\/wp\/v2\/pages\/19","targetHints":{"allow":["GET"]}}],"collection":[{"href":"https:\/\/lepontasion.org\/index.php?rest_route=\/wp\/v2\/pages"}],"about":[{"href":"https:\/\/lepontasion.org\/index.php?rest_route=\/wp\/v2\/types\/page"}],"author":[{"embeddable":true,"href":"https:\/\/lepontasion.org\/index.php?rest_route=\/wp\/v2\/users\/1"}],"replies":[{"embeddable":true,"href":"https:\/\/lepontasion.org\/index.php?rest_route=%2Fwp%2Fv2%2Fcomments&post=19"}],"version-history":[{"count":57,"href":"https:\/\/lepontasion.org\/index.php?rest_route=\/wp\/v2\/pages\/19\/revisions"}],"predecessor-version":[{"id":5687,"href":"https:\/\/lepontasion.org\/index.php?rest_route=\/wp\/v2\/pages\/19\/revisions\/5687"}],"wp:attachment":[{"href":"https:\/\/lepontasion.org\/index.php?rest_route=%2Fwp%2Fv2%2Fmedia&parent=19"}],"curies":[{"name":"wp","href":"https:\/\/api.w.org\/{rel}","templated":true}]}}