{"id":313,"date":"2013-06-12T16:15:00","date_gmt":"2013-06-12T16:15:00","guid":{"rendered":"http:\/\/www.ldsit.net\/french\/?page_id=313"},"modified":"2019-04-17T10:02:03","modified_gmt":"2019-04-17T08:02:03","slug":"weekly","status":"publish","type":"page","link":"https:\/\/lepontasion.org\/?page_id=313","title":{"rendered":"Weekly"},"content":{"rendered":"<p><a href=\"http:\/\/lepontasion.org\/\/wp-content\/uploads\/2013\/03\/Coffee.png\"><img loading=\"lazy\" decoding=\"async\" class=\"alignleft\" src=\"http:\/\/lepontasion.org\/\/wp-content\/uploads\/2013\/03\/Coffee.png\" alt=\"Coffee\" width=\"90\" height=\"473\" \/><\/a><\/p>\n<p>&nbsp;<\/p>\n<p><span style=\"color: #000000;\">Info about activities taking place weekly.<\/span><\/p>\n<p>&nbsp;<\/p>\n<p><strong>Opening Times \/\u00a0Heures de permanence<\/strong><\/p>\n<p><span style=\"color: #000000;\">Thurs Evening \/ <span style=\"color: #000080;\"><em>Jeudi Soir<\/em><\/span> 18:00 &#8211; 20:00.\u00a0\u00a0\u00a0 On Thursdays we enjoy a discussion, a glass of wine and perhaps amuse ourselves with some language topics.<\/span>\u00a0<span style=\"color: #000080;\"><em> Le jeudi soir, nous avons le plaisir de bavarder un verre\u00a0\u00e0 la main, et nous amusons avec diff\u00e9rents sujets en langues anglaise et francaise.<\/em><\/span><\/p>\n<p><span style=\"color: #000000;\">Friday Morning \/<span style=\"color: #000080;\"><em> Vendredi Matin<\/em><\/span> 10:00 &#8211; 12:00 Friday morning is tea and coffee time, with a quiz to enjoy at 1045.<\/span><span style=\"color: #000080;\"><em> Le vendredi matin, c&#8217;est le moment du caf\u00e9 et du th\u00e9 accompagn\u00e9 de quelques friandises, avec un quiz bilingue\u00a0\u00e0 10h45.<\/em><\/span><\/p>\n","protected":false},"excerpt":{"rendered":"<p>&nbsp; Info about activities taking place weekly. &nbsp; Opening Times \/\u00a0Heures de permanence Thurs Evening \/ Jeudi Soir 18:00 &#8211; 20:00.\u00a0\u00a0\u00a0 On Thursdays we enjoy a discussion, a glass of wine and perhaps amuse ourselves with some language topics.\u00a0 Le jeudi soir, nous avons le plaisir de bavarder un verre\u00a0\u00e0 la main, et nous amusons [&hellip;]<\/p>\n","protected":false},"author":1,"featured_media":0,"parent":0,"menu_order":0,"comment_status":"closed","ping_status":"closed","template":"","meta":{"footnotes":""},"class_list":["post-313","page","type-page","status-publish","hentry"],"_links":{"self":[{"href":"https:\/\/lepontasion.org\/index.php?rest_route=\/wp\/v2\/pages\/313","targetHints":{"allow":["GET"]}}],"collection":[{"href":"https:\/\/lepontasion.org\/index.php?rest_route=\/wp\/v2\/pages"}],"about":[{"href":"https:\/\/lepontasion.org\/index.php?rest_route=\/wp\/v2\/types\/page"}],"author":[{"embeddable":true,"href":"https:\/\/lepontasion.org\/index.php?rest_route=\/wp\/v2\/users\/1"}],"replies":[{"embeddable":true,"href":"https:\/\/lepontasion.org\/index.php?rest_route=%2Fwp%2Fv2%2Fcomments&post=313"}],"version-history":[{"count":25,"href":"https:\/\/lepontasion.org\/index.php?rest_route=\/wp\/v2\/pages\/313\/revisions"}],"predecessor-version":[{"id":4518,"href":"https:\/\/lepontasion.org\/index.php?rest_route=\/wp\/v2\/pages\/313\/revisions\/4518"}],"wp:attachment":[{"href":"https:\/\/lepontasion.org\/index.php?rest_route=%2Fwp%2Fv2%2Fmedia&parent=313"}],"curies":[{"name":"wp","href":"https:\/\/api.w.org\/{rel}","templated":true}]}}